{"id":64,"date":"2024-07-24T16:28:49","date_gmt":"2024-07-24T14:28:49","guid":{"rendered":"https:\/\/florianhoefling.com\/?page_id=64"},"modified":"2024-07-25T10:37:33","modified_gmt":"2024-07-25T08:37:33","slug":"impressum","status":"publish","type":"page","link":"https:\/\/florianhoefling.com\/en\/impressum\/","title":{"rendered":"Imprint"},"content":{"rendered":"<div data-elementor-type=\"wp-page\" data-elementor-id=\"64\" class=\"elementor elementor-64\" data-elementor-post-type=\"page\">\n\t\t\t\t<div class=\"elementor-element elementor-element-f3e1256 e-con-full header e-flex e-con e-parent\" data-id=\"f3e1256\" data-element_type=\"container\" data-settings=\"{&quot;background_background&quot;:&quot;classic&quot;,&quot;sticky&quot;:&quot;top&quot;,&quot;sticky_on&quot;:[&quot;desktop&quot;,&quot;tablet&quot;,&quot;mobile&quot;],&quot;sticky_offset&quot;:0,&quot;sticky_effects_offset&quot;:0,&quot;sticky_anchor_link_offset&quot;:0}\">\n\t\t<div class=\"elementor-element elementor-element-14c6419 e-con-full e-flex e-con e-child\" data-id=\"14c6419\" data-element_type=\"container\">\n\t\t\t\t<div class=\"elementor-element elementor-element-3b38fe17 elementor-widget elementor-widget-heading\" data-id=\"3b38fe17\" data-element_type=\"widget\" data-widget_type=\"heading.default\">\n\t\t\t\t<div class=\"elementor-widget-container\">\n\t\t\t\t\t<h2 class=\"elementor-heading-title elementor-size-default\"><a href=\"https:\/\/florianhoefling.com\/en\/startseite\/\">florian h\u00f6fling<br>coaching &amp; consulting<\/a><\/h2>\t\t\t\t<\/div>\n\t\t\t\t<\/div>\n\t\t\t\t<\/div>\n\t\t<div class=\"elementor-element elementor-element-7804119d e-con-full e-flex e-con e-child\" data-id=\"7804119d\" data-element_type=\"container\">\n\t\t\t\t<div class=\"elementor-element elementor-element-5a56c075 elementor-view-default elementor-widget elementor-widget-icon\" data-id=\"5a56c075\" data-element_type=\"widget\" data-widget_type=\"icon.default\">\n\t\t\t\t<div class=\"elementor-widget-container\">\n\t\t\t\t\t\t\t<div class=\"elementor-icon-wrapper\">\n\t\t\t<a class=\"elementor-icon\" href=\"#elementor-action%3Aaction%3Dpopup%3Aopen%26settings%3DeyJpZCI6IjMxIiwidG9nZ2xlIjpmYWxzZX0%3D\">\n\t\t\t<svg aria-hidden=\"true\" class=\"e-font-icon-svg e-fas-bars\" viewbox=\"0 0 448 512\" xmlns=\"http:\/\/www.w3.org\/2000\/svg\"><path d=\"M16 132h416c8.837 0 16-7.163 16-16V76c0-8.837-7.163-16-16-16H16C7.163 60 0 67.163 0 76v40c0 8.837 7.163 16 16 16zm0 160h416c8.837 0 16-7.163 16-16v-40c0-8.837-7.163-16-16-16H16c-8.837 0-16 7.163-16 16v40c0 8.837 7.163 16 16 16zm0 160h416c8.837 0 16-7.163 16-16v-40c0-8.837-7.163-16-16-16H16c-8.837 0-16 7.163-16 16v40c0 8.837 7.163 16 16 16z\"><\/path><\/svg>\t\t\t<\/a>\n\t\t<\/div>\n\t\t\t\t\t\t<\/div>\n\t\t\t\t<\/div>\n\t\t\t\t<div class=\"elementor-element elementor-element-5cf89cd5 elementor-hidden-desktop elementor-hidden-tablet elementor-view-default elementor-widget elementor-widget-icon\" data-id=\"5cf89cd5\" data-element_type=\"widget\" data-widget_type=\"icon.default\">\n\t\t\t\t<div class=\"elementor-widget-container\">\n\t\t\t\t\t\t\t<div class=\"elementor-icon-wrapper\">\n\t\t\t<a class=\"elementor-icon\" href=\"#elementor-action%3Aaction%3Dpopup%3Aopen%26settings%3DeyJpZCI6IjM3IiwidG9nZ2xlIjpmYWxzZX0%3D\">\n\t\t\t<svg aria-hidden=\"true\" class=\"e-font-icon-svg e-fas-comments\" viewbox=\"0 0 576 512\" xmlns=\"http:\/\/www.w3.org\/2000\/svg\"><path d=\"M416 192c0-88.4-93.1-160-208-160S0 103.6 0 192c0 34.3 14.1 65.9 38 92-13.4 30.2-35.5 54.2-35.8 54.5-2.2 2.3-2.8 5.7-1.5 8.7S4.8 352 8 352c36.6 0 66.9-12.3 88.7-25 32.2 15.7 70.3 25 111.3 25 114.9 0 208-71.6 208-160zm122 220c23.9-26 38-57.7 38-92 0-66.9-53.5-124.2-129.3-148.1.9 6.6 1.3 13.3 1.3 20.1 0 105.9-107.7 192-240 192-10.8 0-21.3-.8-31.7-1.9C207.8 439.6 281.8 480 368 480c41 0 79.1-9.2 111.3-25 21.8 12.7 52.1 25 88.7 25 3.2 0 6.1-1.9 7.3-4.8 1.3-2.9.7-6.3-1.5-8.7-.3-.3-22.4-24.2-35.8-54.5z\"><\/path><\/svg>\t\t\t<\/a>\n\t\t<\/div>\n\t\t\t\t\t\t<\/div>\n\t\t\t\t<\/div>\n\t\t\t\t<div class=\"elementor-element elementor-element-16cd5f elementor-align-left elementor-hidden-mobile elementor-widget elementor-widget-button\" data-id=\"16cd5f\" data-element_type=\"widget\" data-widget_type=\"button.default\">\n\t\t\t\t<div class=\"elementor-widget-container\">\n\t\t\t\t\t\t\t\t\t<div class=\"elementor-button-wrapper\">\n\t\t\t\t\t<a class=\"elementor-button elementor-button-link elementor-size-sm elementor-animation-grow\" href=\"#elementor-action%3Aaction%3Dpopup%3Aopen%26settings%3DeyJpZCI6IjM3IiwidG9nZ2xlIjpmYWxzZX0%3D\">\n\t\t\t\t\t\t<span class=\"elementor-button-content-wrapper\">\n\t\t\t\t\t\t\t\t\t<span class=\"elementor-button-text\">free initial<br>consultation<\/span>\n\t\t\t\t\t<\/span>\n\t\t\t\t\t<\/a>\n\t\t\t\t<\/div>\n\t\t\t\t\t\t\t\t<\/div>\n\t\t\t\t<\/div>\n\t\t\t\t<\/div>\n\t\t\t\t<\/div>\n\t\t<div class=\"elementor-element elementor-element-3d77ab53 e-con-full e-flex e-con e-parent\" data-id=\"3d77ab53\" data-element_type=\"container\" data-settings=\"{&quot;background_background&quot;:&quot;classic&quot;}\">\n\t\t\t\t<div class=\"elementor-element elementor-element-6c8e66f9 elementor-widget elementor-widget-text-editor\" data-id=\"6c8e66f9\" data-element_type=\"widget\" data-widget_type=\"text-editor.default\">\n\t\t\t\t<div class=\"elementor-widget-container\">\n\t\t\t\t\t\t\t\t\t<p>Imprint<\/p>\t\t\t\t\t\t\t\t<\/div>\n\t\t\t\t<\/div>\n\t\t\t\t<\/div>\n\t\t<div class=\"elementor-element elementor-element-254dabf8 e-con-full e-flex e-con e-parent\" data-id=\"254dabf8\" data-element_type=\"container\">\n\t\t\t\t<div class=\"elementor-element elementor-element-32aba873 elementor-widget elementor-widget-text-editor\" data-id=\"32aba873\" data-element_type=\"widget\" data-widget_type=\"text-editor.default\">\n\t\t\t\t<div class=\"elementor-widget-container\">\n\t\t\t\t\t\t\t\t\t<p><strong>Angaben gem\u00e4\u00df \u00a7 5 DDG<\/strong><\/p><p>\u00a0<\/p><p>Florian H\u00f6fling<br \/>Stra\u00dfe<br \/>PLZ, Ort<\/p><p>\u00a0<\/p><p>Telefon:\u00a0<br \/>E-Mail: fh@florianhoefling.com<\/p><p>\u00a0<\/p><p>Gesch\u00e4ftsf\u00fchrer:\u00a0<br \/>Registergericht:\u00a0<br \/>Registernummer:\u00a0<br \/>USt-IdNr.:\u00a0<\/p><p>\u00a0<\/p><p><strong>Inhaltlich Verantwortlicher gem. \u00a7 55 II RStV:<\/strong><\/p><p>Florian H\u00f6fling (Anschrift s. o.)<\/p><p>\u00a0<\/p><p><strong>Alternative Streitbeteiligung:<\/strong><\/p><p>Die Europ\u00e4ische Kommission stellt eine Plattform f\u00fcr die au\u00dfergerichtliche Online-Streitbeilegung (OS-Plattform) bereit, aufrufbar unter <a href=\"https:\/\/ec.europa.eu\/odr\">https:\/\/ec.europa.eu\/odr<\/a>.<\/p><p>Wir sind nicht verpflichtet oder bereit, an Streitbeilegungsverfahren vor Verbraucherschlichtungsstellen teilzunehmen.<\/p>\t\t\t\t\t\t\t\t<\/div>\n\t\t\t\t<\/div>\n\t\t\t\t<\/div>\n\t\t<div class=\"elementor-element elementor-element-2185472e e-con-full e-flex e-con e-parent\" data-id=\"2185472e\" data-element_type=\"container\">\n\t\t\t\t<div class=\"elementor-element elementor-element-3ef3b1c9 elementor-position-left elementor-mobile-position-left elementor-vertical-align-middle elementor-view-default elementor-widget elementor-widget-icon-box\" data-id=\"3ef3b1c9\" data-element_type=\"widget\" data-widget_type=\"icon-box.default\">\n\t\t\t\t<div class=\"elementor-widget-container\">\n\t\t\t\t\t\t\t<div class=\"elementor-icon-box-wrapper\">\n\n\t\t\t\t\t\t<div class=\"elementor-icon-box-icon\">\n\t\t\t\t<a href=\"https:\/\/florianhoefling.com\/en\/#leistung\" class=\"elementor-icon\" tabindex=\"-1\" aria-label=\"Go back\">\n\t\t\t\t<svg aria-hidden=\"true\" class=\"e-font-icon-svg e-fas-chevron-circle-left\" viewbox=\"0 0 512 512\" xmlns=\"http:\/\/www.w3.org\/2000\/svg\"><path d=\"M256 504C119 504 8 393 8 256S119 8 256 8s248 111 248 248-111 248-248 248zM142.1 273l135.5 135.5c9.4 9.4 24.6 9.4 33.9 0l17-17c9.4-9.4 9.4-24.6 0-33.9L226.9 256l101.6-101.6c9.4-9.4 9.4-24.6 0-33.9l-17-17c-9.4-9.4-24.6-9.4-33.9 0L142.1 239c-9.4 9.4-9.4 24.6 0 34z\"><\/path><\/svg>\t\t\t\t<\/a>\n\t\t\t<\/div>\n\t\t\t\n\t\t\t\t\t\t<div class=\"elementor-icon-box-content\">\n\n\t\t\t\t\t\t\t\t\t<h3 class=\"elementor-icon-box-title\">\n\t\t\t\t\t\t<a href=\"https:\/\/florianhoefling.com\/en\/#leistung\" >\n\t\t\t\t\t\t\tGo back\t\t\t\t\t\t<\/a>\n\t\t\t\t\t<\/h3>\n\t\t\t\t\n\t\t\t\t\n\t\t\t<\/div>\n\t\t\t\n\t\t<\/div>\n\t\t\t\t\t\t<\/div>\n\t\t\t\t<\/div>\n\t\t\t\t<\/div>\n\t\t\t\t<\/div>","protected":false},"excerpt":{"rendered":"<p>florian h\u00f6flingcoaching &#038; consulting KostenlosesErstgespr\u00e4ch Impressum Angaben gem\u00e4\u00df \u00a7 5 DDG \u00a0 Florian H\u00f6flingStra\u00dfePLZ, Ort \u00a0 Telefon:\u00a0E-Mail: fh@florianhoefling.com \u00a0 Gesch\u00e4ftsf\u00fchrer:\u00a0Registergericht:\u00a0Registernummer:\u00a0USt-IdNr.:\u00a0 [&hellip;]<\/p>","protected":false},"author":2,"featured_media":0,"parent":0,"menu_order":0,"comment_status":"closed","ping_status":"closed","template":"","meta":{"site-sidebar-layout":"no-sidebar","site-content-layout":"","ast-site-content-layout":"full-width-container","site-content-style":"default","site-sidebar-style":"default","ast-global-header-display":"disabled","ast-banner-title-visibility":"disabled","ast-main-header-display":"","ast-hfb-above-header-display":"","ast-hfb-below-header-display":"","ast-hfb-mobile-header-display":"","site-post-title":"disabled","ast-breadcrumbs-content":"","ast-featured-img":"disabled","footer-sml-layout":"disabled","theme-transparent-header-meta":"","adv-header-id-meta":"","stick-header-meta":"","header-above-stick-meta":"","header-main-stick-meta":"","header-below-stick-meta":"","astra-migrate-meta-layouts":"default","ast-page-background-enabled":"default","ast-page-background-meta":{"desktop":{"background-color":"var(--ast-global-color-4)","background-image":"","background-repeat":"repeat","background-position":"center center","background-size":"auto","background-attachment":"scroll","background-type":"","background-media":"","overlay-type":"","overlay-color":"","overlay-opacity":"","overlay-gradient":""},"tablet":{"background-color":"","background-image":"","background-repeat":"repeat","background-position":"center center","background-size":"auto","background-attachment":"scroll","background-type":"","background-media":"","overlay-type":"","overlay-color":"","overlay-opacity":"","overlay-gradient":""},"mobile":{"background-color":"","background-image":"","background-repeat":"repeat","background-position":"center center","background-size":"auto","background-attachment":"scroll","background-type":"","background-media":"","overlay-type":"","overlay-color":"","overlay-opacity":"","overlay-gradient":""}},"ast-content-background-meta":{"desktop":{"background-color":"var(--ast-global-color-5)","background-image":"","background-repeat":"repeat","background-position":"center center","background-size":"auto","background-attachment":"scroll","background-type":"","background-media":"","overlay-type":"","overlay-color":"","overlay-opacity":"","overlay-gradient":""},"tablet":{"background-color":"var(--ast-global-color-5)","background-image":"","background-repeat":"repeat","background-position":"center center","background-size":"auto","background-attachment":"scroll","background-type":"","background-media":"","overlay-type":"","overlay-color":"","overlay-opacity":"","overlay-gradient":""},"mobile":{"background-color":"var(--ast-global-color-5)","background-image":"","background-repeat":"repeat","background-position":"center center","background-size":"auto","background-attachment":"scroll","background-type":"","background-media":"","overlay-type":"","overlay-color":"","overlay-opacity":"","overlay-gradient":""}},"footnotes":""},"class_list":["post-64","page","type-page","status-publish","hentry"],"_links":{"self":[{"href":"https:\/\/florianhoefling.com\/en\/wp-json\/wp\/v2\/pages\/64","targetHints":{"allow":["GET"]}}],"collection":[{"href":"https:\/\/florianhoefling.com\/en\/wp-json\/wp\/v2\/pages"}],"about":[{"href":"https:\/\/florianhoefling.com\/en\/wp-json\/wp\/v2\/types\/page"}],"author":[{"embeddable":true,"href":"https:\/\/florianhoefling.com\/en\/wp-json\/wp\/v2\/users\/2"}],"replies":[{"embeddable":true,"href":"https:\/\/florianhoefling.com\/en\/wp-json\/wp\/v2\/comments?post=64"}],"version-history":[{"count":0,"href":"https:\/\/florianhoefling.com\/en\/wp-json\/wp\/v2\/pages\/64\/revisions"}],"wp:attachment":[{"href":"https:\/\/florianhoefling.com\/en\/wp-json\/wp\/v2\/media?parent=64"}],"curies":[{"name":"wp","href":"https:\/\/api.w.org\/{rel}","templated":true}]}}